{"id":85,"date":"2025-02-14T14:00:50","date_gmt":"2025-02-14T13:00:50","guid":{"rendered":"https:\/\/www.iron-horse.fr\/?page_id=85"},"modified":"2026-01-25T13:12:15","modified_gmt":"2026-01-25T12:12:15","slug":"presentation","status":"publish","type":"page","link":"https:\/\/www.iron-horse.fr\/fr_fr\/presentation\/","title":{"rendered":"Pr\u00e9sentation"},"content":{"rendered":"\n<figure class=\"wp-block-image size-large\"><img loading=\"lazy\" decoding=\"async\" width=\"1024\" height=\"541\" src=\"http:\/\/www.iron-horse.fr\/wp-content\/uploads\/2025\/06\/WhatsApp-Image-2025-06-12-a-11.28.18_f01eb469-1024x541.jpg\" alt=\"\" class=\"wp-image-466\" srcset=\"https:\/\/www.iron-horse.fr\/wp-content\/uploads\/2025\/06\/WhatsApp-Image-2025-06-12-a-11.28.18_f01eb469-1024x541.jpg 1024w, https:\/\/www.iron-horse.fr\/wp-content\/uploads\/2025\/06\/WhatsApp-Image-2025-06-12-a-11.28.18_f01eb469-300x158.jpg 300w, https:\/\/www.iron-horse.fr\/wp-content\/uploads\/2025\/06\/WhatsApp-Image-2025-06-12-a-11.28.18_f01eb469-768x406.jpg 768w, https:\/\/www.iron-horse.fr\/wp-content\/uploads\/2025\/06\/WhatsApp-Image-2025-06-12-a-11.28.18_f01eb469-1536x811.jpg 1536w, https:\/\/www.iron-horse.fr\/wp-content\/uploads\/2025\/06\/WhatsApp-Image-2025-06-12-a-11.28.18_f01eb469-18x10.jpg 18w, https:\/\/www.iron-horse.fr\/wp-content\/uploads\/2025\/06\/WhatsApp-Image-2025-06-12-a-11.28.18_f01eb469.jpg 2000w\" sizes=\"auto, (max-width: 1024px) 100vw, 1024px\" \/><\/figure>\n\n\n\n<p>Bienvenue au g\u00eete Ir\u00f6n Horse, votre havre de paix au c\u0153ur des Combrailles !<\/p>\n\n\n\n<p>Situ\u00e9 entre le Puy-de-D\u00f4me et l&rsquo;Allier, \u00e0 quelques minutes des magnifiques gorges de la Sioule, notre g\u00eete peut accueillir jusqu&rsquo;\u00e0 6 personnes pour un s\u00e9jour agr\u00e9able, que ce soit pour une nuit, un week-end ou un s\u00e9jour prolong\u00e9.<\/p>\n\n\n\n<p>Profitez d\u2019un cadre calme et verdoyant, \u00e0 seulement 5 minutes des commerces locaux (boucherie, \u00e9picerie, boulangerie, produits r\u00e9gionaux, etc.) et \u00e0 16 minutes des autoroutes A71 et A719, facilitant ainsi vos d\u00e9placements. Vous \u00eates \u00e9galement proches de sites touristiques incontournables : Charroux, un des plus beaux villages de France, la ville de Vichy, le parc Vulcania, ou encore des activit\u00e9s en pleine nature comme la randonn\u00e9e, les balades \u00e0 cheval, le cano\u00eb-kayak et la via ferrata.<\/p>\n\n\n\n<p>Le g\u00eete, enti\u00e8rement \u00e9quip\u00e9, avec son acc\u00e8s ind\u00e9pendant, dispose d&rsquo;une salle de douche avec une grande douche \u00e0 l&rsquo;italienne, d&rsquo;un coin nuit pour 2 personnes, d\u2019un espace salon\/salle \u00e0 manger, d\u2019une cuisine moderne et d&rsquo;un jardin avec vue de 1200 m\u00b2. \u00c0 l&rsquo;\u00e9tage, un dortoir spacieux (35 m\u00b2) avec un lit double et deux lits simples vous attend. Pour votre confort, les draps et serviettes sont fournis.<\/p>\n\n\n\n<p>Sur demande, vous pourrez \u00e9galement profiter de services suppl\u00e9mentaires comme un spa nordique chauff\u00e9 au bois, un grand BBQ, ou encore la mise \u00e0 disposition de v\u00e9los et d\u2019appareils de cuisine pour vos repas conviviaux.<\/p>\n\n\n\n<p>Les motards et voyageurs en van am\u00e9nag\u00e9 sont les bienvenus, avec des installations sp\u00e9cifiques comme un garage ferm\u00e9 pour vos motos et un stationnement s\u00e9curis\u00e9 pour votre van.<\/p>\n\n\n\n<p>Que vous soyez en qu\u00eate de d\u00e9tente ou d\u2019aventure, le g\u00eete Ir\u00f6n Horse est le point de d\u00e9part id\u00e9al pour d\u00e9couvrir la beaut\u00e9 de la r\u00e9gion et passer un s\u00e9jour inoubliable.<\/p>\n\n\n\n<p>Nous avons h\u00e2te de vous&nbsp;accueillir&nbsp;!<br><br>Audrey &amp; Sven<\/p>\n\n\n\n<figure class=\"wp-block-image size-large\"><img loading=\"lazy\" decoding=\"async\" width=\"1024\" height=\"720\" src=\"https:\/\/www.iron-horse.fr\/wp-content\/uploads\/2025\/08\/a_cheval_2-1024x720.jpg\" alt=\"\" class=\"wp-image-672\" srcset=\"https:\/\/www.iron-horse.fr\/wp-content\/uploads\/2025\/08\/a_cheval_2-1024x720.jpg 1024w, https:\/\/www.iron-horse.fr\/wp-content\/uploads\/2025\/08\/a_cheval_2-300x211.jpg 300w, https:\/\/www.iron-horse.fr\/wp-content\/uploads\/2025\/08\/a_cheval_2-768x540.jpg 768w, https:\/\/www.iron-horse.fr\/wp-content\/uploads\/2025\/08\/a_cheval_2-18x12.jpg 18w, https:\/\/www.iron-horse.fr\/wp-content\/uploads\/2025\/08\/a_cheval_2.jpg 1049w\" sizes=\"auto, (max-width: 1024px) 100vw, 1024px\" \/><\/figure>\n","protected":false},"excerpt":{"rendered":"<p>Bienvenue au g\u00eete Ir\u00f6n Horse, votre havre de paix au c\u0153ur des Combrailles ! Situ\u00e9 entre le Puy-de-D\u00f4me et l&rsquo;Allier, \u00e0 quelques minutes des magnifiques gorges de la Sioule, notre g\u00eete peut accueillir jusqu&rsquo;\u00e0 6 personnes pour un s\u00e9jour agr\u00e9able, que ce soit pour une nuit, un week-end ou un s\u00e9jour prolong\u00e9. Profitez d\u2019un cadre [&hellip;]<\/p>\n","protected":false},"author":1,"featured_media":0,"parent":0,"menu_order":0,"comment_status":"closed","ping_status":"closed","template":"","meta":{"ngg_post_thumbnail":0,"_themeisle_gutenberg_block_has_review":false,"footnotes":""},"class_list":["post-85","page","type-page","status-publish","hentry"],"_links":{"self":[{"href":"https:\/\/www.iron-horse.fr\/fr_fr\/wp-json\/wp\/v2\/pages\/85","targetHints":{"allow":["GET"]}}],"collection":[{"href":"https:\/\/www.iron-horse.fr\/fr_fr\/wp-json\/wp\/v2\/pages"}],"about":[{"href":"https:\/\/www.iron-horse.fr\/fr_fr\/wp-json\/wp\/v2\/types\/page"}],"author":[{"embeddable":true,"href":"https:\/\/www.iron-horse.fr\/fr_fr\/wp-json\/wp\/v2\/users\/1"}],"replies":[{"embeddable":true,"href":"https:\/\/www.iron-horse.fr\/fr_fr\/wp-json\/wp\/v2\/comments?post=85"}],"version-history":[{"count":17,"href":"https:\/\/www.iron-horse.fr\/fr_fr\/wp-json\/wp\/v2\/pages\/85\/revisions"}],"predecessor-version":[{"id":686,"href":"https:\/\/www.iron-horse.fr\/fr_fr\/wp-json\/wp\/v2\/pages\/85\/revisions\/686"}],"wp:attachment":[{"href":"https:\/\/www.iron-horse.fr\/fr_fr\/wp-json\/wp\/v2\/media?parent=85"}],"curies":[{"name":"wp","href":"https:\/\/api.w.org\/{rel}","templated":true}]}}