{"id":76,"date":"2025-02-14T13:57:30","date_gmt":"2025-02-14T12:57:30","guid":{"rendered":"https:\/\/www.iron-horse.fr\/?page_id=76"},"modified":"2026-01-25T13:59:07","modified_gmt":"2026-01-25T12:59:07","slug":"prestations","status":"publish","type":"page","link":"https:\/\/www.iron-horse.fr\/fr_fr\/prestations\/","title":{"rendered":"Prestations"},"content":{"rendered":"\n<div class=\"wp-block-columns is-layout-flex wp-container-core-columns-is-layout-28f84493 wp-block-columns-is-layout-flex\">\n<div class=\"wp-block-column is-layout-flow wp-block-column-is-layout-flow\" style=\"flex-basis:100%\">\n<div class=\"wp-block-columns is-layout-flex wp-container-core-columns-is-layout-cf05694f wp-block-columns-is-layout-flex\">\n<div class=\"wp-block-column is-layout-flow wp-block-column-is-layout-flow\" style=\"flex-basis:50%\">\n<p class=\"has-text-align-center\"><strong>AU REZ-DE-CHAUSS\u00c9E<\/strong><br>\u2022 Coin nuit de 8 m\u00b2<br>avec un lit double (140&#215;200)<br>et dressing<br>\u2022 Salle d&rsquo;eau avec grande douche<br>\u00e0 l&rsquo;italienne et double vasque<br>\u2022 WC s\u00e9par\u00e9<br>\u2022 Espace salon\/salle \u00e0 manger<br>avec t\u00e9l\u00e9vision\/DVD<br>\u2022 Po\u00eale \u00e0 bois<br>\u2022 Cuisine \u00e9quip\u00e9e<\/p>\n\n\n\nngg_shortcode_0_placeholder\n<\/div>\n\n\n\n<div class=\"wp-block-column is-layout-flow wp-block-column-is-layout-flow\" style=\"flex-basis:50%\">\n<p class=\"has-text-align-center\"><strong>\u00c0 L&rsquo;\u00c9TAGE<\/strong><br>Dortoir de 35 m\u00b2<br>avec un lit double (160&#215;200),<br>deux lits simples (90&#215;200)<br>et un espace bureau<br><br><br><br><br><br><br><\/p>\n\n\n\nngg_shortcode_1_placeholder\n<\/div>\n<\/div>\n\n\n\n<hr class=\"wp-block-separator aligncenter has-alpha-channel-opacity\"\/>\n\n\n\n<p class=\"has-text-align-center\">Draps et serviettes fournis<br>Acc\u00e8s Internet \u2022 Chauffage \u00e9lectrique et po\u00eale \u00e0 bois<br>Stationnement gratuit \u2022 Jardin 1200 m\u00b2 avec vue<\/p>\n\n\n\n<hr class=\"wp-block-separator aligncenter has-alpha-channel-opacity\"\/>\n\n\n\n<p class=\"has-text-align-center\"><em><strong>Accueil sp\u00e9cifique motards<\/strong><\/em><br>\u2022 Mise \u00e0 disposition d&rsquo;outils pour la petite m\u00e9canique et l&rsquo;entretien<br>(gonfleur, l\u00e8ve-moto, maintien\/charge de batterie, booster, etc.)<br>\u2022 Parking moto dans un garage ferm\u00e9 &#8211; 4 maximum<\/p>\n\n\n\n<hr class=\"wp-block-separator aligncenter has-alpha-channel-opacity\"\/>\n\n\n\n<p class=\"has-text-align-center\"><em><strong>Accueil sp\u00e9cifique van am\u00e9nag\u00e9<\/strong><\/em><br>\u2022 Acc\u00e8s \u00e0 la salle d&rsquo;eau et aux WC<br>\u2022 Stationnement s\u00e9curis\u00e9 dans le jardin<br>\u2022 Remplissage de la r\u00e9serve d&rsquo;eau<\/p>\n\n\n\n<hr class=\"wp-block-separator aligncenter has-alpha-channel-opacity\"\/>\n\n\n\n<p class=\"has-text-align-center\"><strong>SUR DEMANDE<\/strong><\/p>\n\n\n\n<p class=\"has-text-align-center\">\u2022 spa nordique 6 places chauff\u00e9 au feu de bois* (d&rsquo;avril \u00e0 octobre)<br>\u2022 grand BBQ au gaz* \u2022 four \u00e0 pizza au gaz*<br>\u2022 machine \u00e0 laver \/ s\u00e8che-linge* (pour les s\u00e9jours \u00e0 partir de 6 nuits)<br>\u2022 kit b\u00e9b\u00e9 comprenant :<br>lit\/matelas\/al\u00e8se, baignoire, chaise-haute et matelas \u00e0 langer<br><br>\u2022 courses avant votre arriv\u00e9e* :<br>si vous le souhaitez, vous pouvez nous indiquer<br>(au minimum 24 heures avant votre venue) une liste pr\u00e9cise de produits frais et\/ou secs que nous nous ferons un plaisir d&rsquo;aller vous acheter <br>pour les mettre \u00e0 disposition dans le g\u00eete. <br>Plus besoin de courir en arrivant en fin de journ\u00e9e <br>pour faire vos courses du petit-d\u00e9jeuner du lendemain !<br><strong>Paiement des produits achet\u00e9s sur facture + prix du service<\/strong><br><br>\u2022 jeux de soci\u00e9t\u00e9<br>\u2022 divers appareils de cuisine<br>(appareil \u00e0 raclette \/ fondue, pompe \u00e0 bi\u00e8re PerfectDraft)<br>\u2022 fer et table \u00e0 repasser<\/p>\n\n\n\n<p class=\"has-text-align-center\"><br><em>* avec suppl\u00e9ment<\/em><\/p>\n\n\n\n<hr class=\"wp-block-separator aligncenter has-alpha-channel-opacity\"\/>\n\n\n\n<p class=\"has-text-align-center\"><strong>RESTRICTIONS<\/strong><br>Pas d&rsquo;animaux<br>G\u00eete non fumeur<\/p>\n\n\n\n<hr class=\"wp-block-separator aligncenter has-alpha-channel-opacity\"\/>\n<\/div>\n<\/div>\n\n\n\n<p class=\"has-text-align-center\"><strong>D\u00c9TAIL DES \u00c9QUIPEMENTS<\/strong><\/p>\n\n\n\n<p class=\"has-text-align-center\"><strong><em>Une cuisine \u00e9quip\u00e9e, vous y trouverez tout le n\u00e9cessaire<\/em><br><em>pour vous faire de bons petits plats avec nos produits r\u00e9gionaux<\/em><\/strong><br>\u2022 R\u00e9frig\u00e9rateur\/Cong\u00e9lateur \u2022 Four \u2022 Four micro-ondes<br>\u2022 Plaque induction 3 feux \u2022 Hotte<br>\u2022 Bouilloire \u2022 Cafeti\u00e8re pour dosette souple<br>\u2022 Grille-pain \u2022 Presse-agrumes \u00e9lectrique<br>\u2022 \u00c9picerie : sel, poivre, herbes de Provence, huile d\u2019olive et vinaigre balsamique<br>\u2022 Torchons \u2022 Produit vaisselle \u2022 Vaisselle et couverts \u2022 Ustensiles de cuisine<\/p>\n\n\n\n<p class=\"has-text-align-center\"><em><strong>Un petit salon confortable pour se d\u00e9tendre devant un bon film<\/strong><\/em><br>\u2022 TV + TNT \u2022 Lecteur DVD\/Blu-Ray<br>\u2022 Canap\u00e9 et fauteuils<\/p>\n\n\n\n<p class=\"has-text-align-center\"><em><strong>Une salle d&rsquo;eau spacieuse et lumineuse pour vous faire beau<\/strong><\/em><br>\u2022 Douche \u00e0 l\u2019italienne \u2022 Double vasque<br>\u2022 S\u00e8che-cheveux \u2022 Chauffage soufflant<br> \u2022 Serviettes de toilettes \/ tapis de bain<br>\u2022 Savon pour les mains \u2022 Lessive \u00e0 la main<\/p>\n\n\n\n<p class=\"has-text-align-center\"><em><strong>Un coin nuit cosy et douillet pour d\u2019excellentes nuits<\/strong><\/em><br>\u2022 1 lit 140\/200 avec matelas extra ferme + 2 oreillers<br>\u2022 Dressing<\/p>\n\n\n\n<p class=\"has-text-align-center\"><em><strong>Un grand dortoir pour 4 et un espace de travail pour les plus studieux<\/strong><\/em><br>\u2022 1 lit 160\/200 avec matelas ferme + 2 oreillers<br>\u2022 2 lits 90\/200 avec matelas mi-ferme + 1 oreiller chacun<br>\u2022 Espace bureau<\/p>\n\n\n\n<p class=\"has-text-align-center\"><em><strong>Ext\u00e9rieur<\/strong><\/em><br>\u2022 Jardin avec vue \u2022 Table de pique-nique pour 6<br>\u2022 Salon de jardin \u2022 2 transats \u2022 \u00c9tendoir \u00e0 linge<\/p>\n\n\n\n<p class=\"has-text-align-center\"><em><strong>\u00c0 disposition<\/strong><\/em><br>\u2022 DVD\/Blu-Ray \u2022 Livres et bandes dessin\u00e9es \u2022 Jeux de soci\u00e9t\u00e9<br>\u2022 Kit b\u00e9b\u00e9 : lit parapluie avec matelas et al\u00e8se, chaise haute, <br>adaptateur WC, matelas de change, baignoire<\/p>\n\n\n\n<hr class=\"wp-block-separator has-alpha-channel-opacity\"\/>\n\n\n\n<p class=\"has-text-align-center\"><em><strong>SUPPL\u00c9MENTS<\/strong><br>\u2022<\/em> <em>Bain nordique 10 \u20ac (remplissage + 1\u00e8re chauffe) \/ 10 \u20ac par chauffe suppl\u00e9mentaire <\/em><br><em>\u2022 Barbecue \u00e0 gaz <em>5 \u20ac \/ jour<\/em><\/em> <em>\u2022 Four pizza \u00e0 gaz 5 \u20ac \/ jour<\/em><br>\u2022 <em>Service de courses avant votre arriv\u00e9e 5 \u20ac<\/em><\/p>\n","protected":false},"excerpt":{"rendered":"<p>AU REZ-DE-CHAUSS\u00c9E\u2022 Coin nuit de 8 m\u00b2avec un lit double (140&#215;200)et dressing\u2022 Salle d&rsquo;eau avec grande douche\u00e0 l&rsquo;italienne et double vasque\u2022 WC s\u00e9par\u00e9\u2022 Espace salon\/salle \u00e0 mangeravec t\u00e9l\u00e9vision\/DVD\u2022 Po\u00eale \u00e0 bois\u2022 Cuisine \u00e9quip\u00e9e \u00c0 L&rsquo;\u00c9TAGEDortoir de 35 m\u00b2avec un lit double (160&#215;200),deux lits simples (90&#215;200)et un espace bureau Draps et serviettes fournisAcc\u00e8s Internet \u2022 Chauffage [&hellip;]<\/p>\n","protected":false},"author":1,"featured_media":0,"parent":0,"menu_order":0,"comment_status":"closed","ping_status":"closed","template":"","meta":{"ngg_post_thumbnail":0,"_themeisle_gutenberg_block_has_review":false,"footnotes":""},"class_list":["post-76","page","type-page","status-publish","hentry"],"_links":{"self":[{"href":"https:\/\/www.iron-horse.fr\/fr_fr\/wp-json\/wp\/v2\/pages\/76","targetHints":{"allow":["GET"]}}],"collection":[{"href":"https:\/\/www.iron-horse.fr\/fr_fr\/wp-json\/wp\/v2\/pages"}],"about":[{"href":"https:\/\/www.iron-horse.fr\/fr_fr\/wp-json\/wp\/v2\/types\/page"}],"author":[{"embeddable":true,"href":"https:\/\/www.iron-horse.fr\/fr_fr\/wp-json\/wp\/v2\/users\/1"}],"replies":[{"embeddable":true,"href":"https:\/\/www.iron-horse.fr\/fr_fr\/wp-json\/wp\/v2\/comments?post=76"}],"version-history":[{"count":43,"href":"https:\/\/www.iron-horse.fr\/fr_fr\/wp-json\/wp\/v2\/pages\/76\/revisions"}],"predecessor-version":[{"id":697,"href":"https:\/\/www.iron-horse.fr\/fr_fr\/wp-json\/wp\/v2\/pages\/76\/revisions\/697"}],"wp:attachment":[{"href":"https:\/\/www.iron-horse.fr\/fr_fr\/wp-json\/wp\/v2\/media?parent=76"}],"curies":[{"name":"wp","href":"https:\/\/api.w.org\/{rel}","templated":true}]}}