{"id":55,"date":"2025-02-04T13:17:21","date_gmt":"2025-02-04T12:17:21","guid":{"rendered":"https:\/\/www.iron-horse.fr\/?page_id=55"},"modified":"2025-11-19T14:32:24","modified_gmt":"2025-11-19T13:32:24","slug":"tarifs","status":"publish","type":"page","link":"https:\/\/www.iron-horse.fr\/fr_fr\/tarifs\/","title":{"rendered":"Tarifs"},"content":{"rendered":"\n<p class=\"has-text-align-center\"><strong>G\u00eete<\/strong><\/p>\n\n\n\n<p class=\"has-text-align-center\">Nuit par personne* : 30 \u20ac<br>(15 \u20ac pour les moins de 12 ans \/ gratuit de 0 \u00e0 24 mois)<\/p>\n\n\n\n<p class=\"has-text-align-center\">Draps et serviettes inclus<\/p>\n\n\n\n<p class=\"has-text-align-center\">-10 % sur l&rsquo;ensemble du s\u00e9jour pour les forces de l&rsquo;ordre et les pompiers<br>sur pr\u00e9sentation de la carte professionnelle<\/p>\n\n\n\n<hr class=\"wp-block-separator aligncenter has-alpha-channel-opacity is-style-default\"\/>\n\n\n\n<p class=\"has-text-align-center\"><strong>Accueil van am\u00e9nag\u00e9<br><\/strong><em>Stationnement dans le jardin s\u00e9curis\u00e9, ferm\u00e9 par un portail<br>dans la limite de 2 v\u00e9hicules<\/em><\/p>\n\n\n\n<p class=\"has-text-align-center\">Acc\u00e8s \u00e0 la douche et aux WC<br>Remplissage r\u00e9serve d&rsquo;eau<\/p>\n\n\n\n<p class=\"has-text-align-center\">Nuit par v\u00e9hicule* : 20 \u20ac<\/p>\n\n\n\n<hr class=\"wp-block-separator aligncenter has-alpha-channel-opacity is-style-default\"\/>\n\n\n\n<p class=\"has-text-align-center\">Caution par ch\u00e8que de 20 % du montant total<br> (non encaiss\u00e9 et restitu\u00e9 en fin de s\u00e9jour)<\/p>\n\n\n\n<p class=\"has-text-align-center\">Paiement esp\u00e8ces ou ch\u00e8que.<\/p>\n\n\n\n<p class=\"has-text-align-center\"><em>*Taxe de s\u00e9jour par personne par nuit non incluse<\/em> <\/p>\n","protected":false},"excerpt":{"rendered":"<p>G\u00eete Nuit par personne* : 30 \u20ac(15 \u20ac pour les moins de 12 ans \/ gratuit de 0 \u00e0 24 mois) Draps et serviettes inclus -10 % sur l&rsquo;ensemble du s\u00e9jour pour les forces de l&rsquo;ordre et les pompierssur pr\u00e9sentation de la carte professionnelle Accueil van am\u00e9nag\u00e9Stationnement dans le jardin s\u00e9curis\u00e9, ferm\u00e9 par un portaildans [&hellip;]<\/p>\n","protected":false},"author":1,"featured_media":0,"parent":0,"menu_order":0,"comment_status":"closed","ping_status":"closed","template":"","meta":{"ngg_post_thumbnail":0,"_themeisle_gutenberg_block_has_review":false,"footnotes":""},"class_list":["post-55","page","type-page","status-publish","hentry"],"_links":{"self":[{"href":"https:\/\/www.iron-horse.fr\/fr_fr\/wp-json\/wp\/v2\/pages\/55","targetHints":{"allow":["GET"]}}],"collection":[{"href":"https:\/\/www.iron-horse.fr\/fr_fr\/wp-json\/wp\/v2\/pages"}],"about":[{"href":"https:\/\/www.iron-horse.fr\/fr_fr\/wp-json\/wp\/v2\/types\/page"}],"author":[{"embeddable":true,"href":"https:\/\/www.iron-horse.fr\/fr_fr\/wp-json\/wp\/v2\/users\/1"}],"replies":[{"embeddable":true,"href":"https:\/\/www.iron-horse.fr\/fr_fr\/wp-json\/wp\/v2\/comments?post=55"}],"version-history":[{"count":22,"href":"https:\/\/www.iron-horse.fr\/fr_fr\/wp-json\/wp\/v2\/pages\/55\/revisions"}],"predecessor-version":[{"id":679,"href":"https:\/\/www.iron-horse.fr\/fr_fr\/wp-json\/wp\/v2\/pages\/55\/revisions\/679"}],"wp:attachment":[{"href":"https:\/\/www.iron-horse.fr\/fr_fr\/wp-json\/wp\/v2\/media?parent=55"}],"curies":[{"name":"wp","href":"https:\/\/api.w.org\/{rel}","templated":true}]}}