{"id":49,"date":"2025-02-04T13:18:07","date_gmt":"2025-02-04T12:18:07","guid":{"rendered":"https:\/\/www.iron-horse.fr\/?page_id=49"},"modified":"2025-03-09T12:59:11","modified_gmt":"2025-03-09T11:59:11","slug":"a-voir-et-a-faire","status":"publish","type":"page","link":"https:\/\/www.iron-horse.fr\/fr_fr\/a-voir-et-a-faire\/","title":{"rendered":"\u00c0 voir et \u00e0 faire"},"content":{"rendered":"\n<p>Activit\u00e9s autour du g\u00eete (maximum 1 heure de route)<br><br><strong>Activit\u00e9 de plein air<\/strong><\/p>\n\n\n\n<p>Cano\u00eb\/kayak<br>Via ferrata<br>Balades \u00e0 cheval<br>Accrobranche<br>Randonn\u00e9e \u00e0 pied et en VTT<br>P\u00eache dans la Sioule<br>V\u00e9lorail<br>Randonn\u00e9e en trottinettes tout-terrain<br>Lac des Fades<br>Base de loisirs de Saint-\u00c9loy-les-Mines<\/p>\n\n\n\n<p><strong>Activit\u00e9s touristiques<\/strong><\/p>\n\n\n\n<p>Panoramique des D\u00f4mes<br>Ch\u00e2teau-Rocher<br>Gour de Tazenat<br>Ch\u00e2teau de Chazeron<br>M\u00e9andre de Queuille<br>Centre bouddhiste Dhagpo Kundreul Ling<br>Viaduc des Fades<\/p>\n\n\n\n<p><strong>Parcs de loisirs<\/strong><\/p>\n\n\n\n<p>Le Pal<br>Vulcania<br>Pal\u00e9opolis<\/p>\n\n\n\n<p><strong>D\u00e9tente\/bien-\u00eatre<\/strong><\/p>\n\n\n\n<p>Thermes et spa Royatonic<br>Thalasso \u00c9vaux-les-Bains<br>Thermes de Vichy<\/p>\n","protected":false},"excerpt":{"rendered":"<p>Activit\u00e9s autour du g\u00eete (maximum 1 heure de route) Activit\u00e9 de plein air Cano\u00eb\/kayakVia ferrataBalades \u00e0 chevalAccrobrancheRandonn\u00e9e \u00e0 pied et en VTTP\u00eache dans la SiouleV\u00e9lorailRandonn\u00e9e en trottinettes tout-terrainLac des FadesBase de loisirs de Saint-\u00c9loy-les-Mines Activit\u00e9s touristiques Panoramique des D\u00f4mesCh\u00e2teau-RocherGour de TazenatCh\u00e2teau de ChazeronM\u00e9andre de QueuilleCentre bouddhiste Dhagpo Kundreul LingViaduc des Fades Parcs de loisirs Le [&hellip;]<\/p>\n","protected":false},"author":1,"featured_media":0,"parent":0,"menu_order":0,"comment_status":"closed","ping_status":"closed","template":"","meta":{"ngg_post_thumbnail":0,"_themeisle_gutenberg_block_has_review":false,"footnotes":""},"class_list":["post-49","page","type-page","status-publish","hentry"],"_links":{"self":[{"href":"https:\/\/www.iron-horse.fr\/fr_fr\/wp-json\/wp\/v2\/pages\/49","targetHints":{"allow":["GET"]}}],"collection":[{"href":"https:\/\/www.iron-horse.fr\/fr_fr\/wp-json\/wp\/v2\/pages"}],"about":[{"href":"https:\/\/www.iron-horse.fr\/fr_fr\/wp-json\/wp\/v2\/types\/page"}],"author":[{"embeddable":true,"href":"https:\/\/www.iron-horse.fr\/fr_fr\/wp-json\/wp\/v2\/users\/1"}],"replies":[{"embeddable":true,"href":"https:\/\/www.iron-horse.fr\/fr_fr\/wp-json\/wp\/v2\/comments?post=49"}],"version-history":[{"count":4,"href":"https:\/\/www.iron-horse.fr\/fr_fr\/wp-json\/wp\/v2\/pages\/49\/revisions"}],"predecessor-version":[{"id":127,"href":"https:\/\/www.iron-horse.fr\/fr_fr\/wp-json\/wp\/v2\/pages\/49\/revisions\/127"}],"wp:attachment":[{"href":"https:\/\/www.iron-horse.fr\/fr_fr\/wp-json\/wp\/v2\/media?parent=49"}],"curies":[{"name":"wp","href":"https:\/\/api.w.org\/{rel}","templated":true}]}}