{"id":85,"date":"2025-02-14T14:00:50","date_gmt":"2025-02-14T13:00:50","guid":{"rendered":"https:\/\/www.iron-horse.fr\/?page_id=85"},"modified":"2026-01-25T13:12:15","modified_gmt":"2026-01-25T12:12:15","slug":"presentation","status":"publish","type":"page","link":"https:\/\/www.iron-horse.fr\/en\/presentation\/","title":{"rendered":"Introduction"},"content":{"rendered":"<figure class=\"wp-block-image size-large\"><img loading=\"lazy\" decoding=\"async\" width=\"1024\" height=\"541\" src=\"http:\/\/www.iron-horse.fr\/wp-content\/uploads\/2025\/06\/WhatsApp-Image-2025-06-12-a-11.28.18_f01eb469-1024x541.jpg\" alt=\"\" class=\"wp-image-466\" srcset=\"https:\/\/www.iron-horse.fr\/wp-content\/uploads\/2025\/06\/WhatsApp-Image-2025-06-12-a-11.28.18_f01eb469-1024x541.jpg 1024w, https:\/\/www.iron-horse.fr\/wp-content\/uploads\/2025\/06\/WhatsApp-Image-2025-06-12-a-11.28.18_f01eb469-300x158.jpg 300w, https:\/\/www.iron-horse.fr\/wp-content\/uploads\/2025\/06\/WhatsApp-Image-2025-06-12-a-11.28.18_f01eb469-768x406.jpg 768w, https:\/\/www.iron-horse.fr\/wp-content\/uploads\/2025\/06\/WhatsApp-Image-2025-06-12-a-11.28.18_f01eb469-1536x811.jpg 1536w, https:\/\/www.iron-horse.fr\/wp-content\/uploads\/2025\/06\/WhatsApp-Image-2025-06-12-a-11.28.18_f01eb469-18x10.jpg 18w, https:\/\/www.iron-horse.fr\/wp-content\/uploads\/2025\/06\/WhatsApp-Image-2025-06-12-a-11.28.18_f01eb469.jpg 2000w\" sizes=\"auto, (max-width: 1024px) 100vw, 1024px\" \/><\/figure>\n\n\n\n<p>Welcome to the Ir\u00f6n Horse guesthouse, your haven of peace in the heart of the Combrailles!<\/p>\n\n\n\n<p>Situ\u00e9 entre le Puy-de-D\u00f4me et l&rsquo;Allier, \u00e0 quelques minutes des magnifiques gorges de la Sioule, notre g\u00eete peut accueillir jusqu&rsquo;\u00e0 6 personnes pour un s\u00e9jour agr\u00e9able, que ce soit pour une nuit, un week-end ou un s\u00e9jour prolong\u00e9.<\/p>\n\n\n\n<p>Enjoy a peaceful, green setting just 5 minutes from local shops (butcher, grocery store, bakery, regional products, etc.) and only 16 minutes from highways A71 and A719, making travel easy. You'll also be close to some must-see tourist attractions: Charroux, one of the most beautiful villages in France, the city of Vichy, the Vulcania theme park, and plenty of outdoor activities like hiking, horseback riding, canoeing, and via ferrata.<\/p>\n\n\n\n<p>The fully equipped rental has a private entrance and features a bathroom with a spacious walk-in shower, a sleeping area for 2, a living\/dining room, a modern kitchen, and a 1200 m\u00b2 garden with a view. Upstairs, a large 35 m\u00b2 dorm-style bedroom awaits, with one double bed and two twin beds. For your comfort, bed linens and towels are provided.<\/p>\n\n\n\n<p>Upon request, you can also enjoy additional amenities such as a wood-heated Nordic hot tub, a large BBQ, and access to bicycles and kitchen appliances for shared meals and good times.<\/p>\n\n\n\n<p>Motorcyclists and camper van travelers are more than welcome, with specific facilities like a secure garage for motorcycles and safe parking for your van.<\/p>\n\n\n\n<p>Whether you're looking to relax or seeking adventure, Ir\u00f6n Horse is the perfect home base to explore the region and create unforgettable memories.<\/p>\n\n\n\n<p>We look forward to welcoming you!<br><br>Audrey &amp; Sven<\/p>\n\n\n\n<figure class=\"wp-block-image size-large\"><img loading=\"lazy\" decoding=\"async\" width=\"1024\" height=\"720\" src=\"https:\/\/www.iron-horse.fr\/wp-content\/uploads\/2025\/08\/a_cheval_2-1024x720.jpg\" alt=\"\" class=\"wp-image-672\" srcset=\"https:\/\/www.iron-horse.fr\/wp-content\/uploads\/2025\/08\/a_cheval_2-1024x720.jpg 1024w, https:\/\/www.iron-horse.fr\/wp-content\/uploads\/2025\/08\/a_cheval_2-300x211.jpg 300w, https:\/\/www.iron-horse.fr\/wp-content\/uploads\/2025\/08\/a_cheval_2-768x540.jpg 768w, https:\/\/www.iron-horse.fr\/wp-content\/uploads\/2025\/08\/a_cheval_2-18x12.jpg 18w, https:\/\/www.iron-horse.fr\/wp-content\/uploads\/2025\/08\/a_cheval_2.jpg 1049w\" sizes=\"auto, (max-width: 1024px) 100vw, 1024px\" \/><\/figure>","protected":false},"excerpt":{"rendered":"<p>Bienvenue au g\u00eete Ir\u00f6n Horse, votre havre de paix au c\u0153ur des Combrailles ! Situ\u00e9 entre le Puy-de-D\u00f4me et l&rsquo;Allier, \u00e0 quelques minutes des magnifiques gorges de la Sioule, notre g\u00eete peut accueillir jusqu&rsquo;\u00e0 6 personnes pour un s\u00e9jour agr\u00e9able, que ce soit pour une nuit, un week-end ou un s\u00e9jour prolong\u00e9. Profitez d\u2019un cadre [&hellip;]<\/p>","protected":false},"author":1,"featured_media":0,"parent":0,"menu_order":0,"comment_status":"closed","ping_status":"closed","template":"","meta":{"ngg_post_thumbnail":0,"_themeisle_gutenberg_block_has_review":false,"footnotes":""},"class_list":["post-85","page","type-page","status-publish","hentry"],"_links":{"self":[{"href":"https:\/\/www.iron-horse.fr\/en\/wp-json\/wp\/v2\/pages\/85","targetHints":{"allow":["GET"]}}],"collection":[{"href":"https:\/\/www.iron-horse.fr\/en\/wp-json\/wp\/v2\/pages"}],"about":[{"href":"https:\/\/www.iron-horse.fr\/en\/wp-json\/wp\/v2\/types\/page"}],"author":[{"embeddable":true,"href":"https:\/\/www.iron-horse.fr\/en\/wp-json\/wp\/v2\/users\/1"}],"replies":[{"embeddable":true,"href":"https:\/\/www.iron-horse.fr\/en\/wp-json\/wp\/v2\/comments?post=85"}],"version-history":[{"count":17,"href":"https:\/\/www.iron-horse.fr\/en\/wp-json\/wp\/v2\/pages\/85\/revisions"}],"predecessor-version":[{"id":686,"href":"https:\/\/www.iron-horse.fr\/en\/wp-json\/wp\/v2\/pages\/85\/revisions\/686"}],"wp:attachment":[{"href":"https:\/\/www.iron-horse.fr\/en\/wp-json\/wp\/v2\/media?parent=85"}],"curies":[{"name":"wp","href":"https:\/\/api.w.org\/{rel}","templated":true}]}}