{"id":77,"date":"2025-02-14T13:54:17","date_gmt":"2025-02-14T12:54:17","guid":{"rendered":"https:\/\/www.iron-horse.fr\/?page_id=77"},"modified":"2025-07-16T12:05:29","modified_gmt":"2025-07-16T10:05:29","slug":"localisation","status":"publish","type":"page","link":"https:\/\/www.iron-horse.fr\/en\/localisation\/","title":{"rendered":"Location"},"content":{"rendered":"<div style=\"height:400pxpx;\" class=\"wp-block-themeisle-blocks-leaflet-map\" id=\"wp-block-themeisle-blocks-leaflet-map-e9d89473\"><\/div>\n<script type=\"text\/javascript\">\n\t\/* <![CDATA[ *\/\n\t\tif ( ! window.themeisleLeafletMaps ) window.themeisleLeafletMaps =[];\n\t\twindow.themeisleLeafletMaps.push( { container: \"wp-block-themeisle-blocks-leaflet-map-e9d89473\", attributes: {\"id\":\"wp-block-themeisle-blocks-leaflet-map-e9d89473\",\"location\":\"6 rue du stade, 63440 Marcillat, france\",\"latitude\":\"46.08013730238159\",\"longitude\":\"3.0349731445312504\",\"bbox\":\"2.9079437255859375,46.0324874701746,3.162002563476563,46.12774601926864\",\"zoom\":12,\"markers\":[{\"id\":\"645d4ec5-4e5a-4b74-8075-d9132e26a6aa\",\"latitude\":46.08692405649544,\"longitude\":3.0286645889282227,\"title\":\"Add a title\",\"description\":\"\"}],\"height\":\"400px\",\"zoomControl\":true,\"draggable\":true,\"hasCustomCSS\":false,\"customCSS\":\"\",\"TrpContentRestriction\":{\"restriction_type\":\"exclude\",\"selected_languages\":[],\"panel_open\":true},\"otterConditions\":[]} } );\n\t\/* ]]> *\/\n<\/script>\n\n\n\n<p class=\"has-text-align-center\">6 rue du stade, lieu-dit Pouget, 63440 Marcillat FRANCE<\/p>\n\n\n\n<p class=\"has-text-align-center\"><strong>GPS coordinates: 46.086904,3.028601<\/strong> 46.086904,3.028601<\/p>\n\n\n\n<hr class=\"wp-block-separator has-alpha-channel-opacity\"\/>\n\n\n\n<p class=\"has-text-align-center\">16 minutes from the A71 motorway (Exit 12 \u2013 \u00c9breuil) and the A719 motorway (Exit 13 \u2013 \u00c9breuil)<\/p>\n\n\n\n<hr class=\"wp-block-separator has-alpha-channel-opacity\"\/>\n\n\n\n<p class=\"has-text-align-center\">5 minutes from Saint-Pardoux\n(bakery, butcher\/deli\/dairy\/local products, pizza vending machine, hairdresser, garages, post office, bulk grocery store)<\/p>\n\n\n\n<p class=\"has-text-align-center\">12 minutes from \u00c9breuil (a charming small historic town)<br>(fuel station, restaurants, bakery, ATM)<\/p>\n\n\n\n<p class=\"has-text-align-center\">20 minutes from Charroux (listed as one of the \u201cMost Beautiful Villages of France\u201d)<br>(local crafts, candles, etc.)<\/p>\n\n\n\n<p class=\"has-text-align-center\">25 minutes from Gannat (shopping areas, supermarket, etc.)<\/p>\n\n\n\n<p class=\"has-text-align-center\">40 minutes north of Clermont-Ferrand<\/p>\n\n\n\n<p class=\"has-text-align-center\">40 minutes west of Vichy<\/p>\n\n\n\n<p class=\"has-text-align-center\">50 minutes north of the Puy de D\u00f4me<\/p>\n\n\n\n<p><\/p>","protected":false},"excerpt":{"rendered":"<p>6 rue du stade, lieu-dit Pouget, 63440 Marcillat Coordonn\u00e9es GPS : 46.086904,3.028601 \u00c0 16 minutes des autoroutes A71 (sortie 12 &#8211; \u00c9breuil) et A719 (sortie 13 &#8211; \u00c9breuil) 5 minutes de Saint-Pardoux (boulangerie, boucherie\/charcuterie\/cr\u00e8merie\/produits r\u00e9gionaux, distributeur \u00e0 pizzas, coiffeur, garages, bureau de Poste, \u00e9picerie en vrac) 12 minutes d\u2019Ebreuil (petite cit\u00e9 de caract\u00e8re)(station service, restaurants, [&hellip;]<\/p>","protected":false},"author":1,"featured_media":0,"parent":0,"menu_order":0,"comment_status":"closed","ping_status":"closed","template":"","meta":{"ngg_post_thumbnail":0,"_themeisle_gutenberg_block_has_review":false,"footnotes":""},"class_list":["post-77","page","type-page","status-publish","hentry"],"_links":{"self":[{"href":"https:\/\/www.iron-horse.fr\/en\/wp-json\/wp\/v2\/pages\/77","targetHints":{"allow":["GET"]}}],"collection":[{"href":"https:\/\/www.iron-horse.fr\/en\/wp-json\/wp\/v2\/pages"}],"about":[{"href":"https:\/\/www.iron-horse.fr\/en\/wp-json\/wp\/v2\/types\/page"}],"author":[{"embeddable":true,"href":"https:\/\/www.iron-horse.fr\/en\/wp-json\/wp\/v2\/users\/1"}],"replies":[{"embeddable":true,"href":"https:\/\/www.iron-horse.fr\/en\/wp-json\/wp\/v2\/comments?post=77"}],"version-history":[{"count":9,"href":"https:\/\/www.iron-horse.fr\/en\/wp-json\/wp\/v2\/pages\/77\/revisions"}],"predecessor-version":[{"id":505,"href":"https:\/\/www.iron-horse.fr\/en\/wp-json\/wp\/v2\/pages\/77\/revisions\/505"}],"wp:attachment":[{"href":"https:\/\/www.iron-horse.fr\/en\/wp-json\/wp\/v2\/media?parent=77"}],"curies":[{"name":"wp","href":"https:\/\/api.w.org\/{rel}","templated":true}]}}