{"id":76,"date":"2025-02-14T13:57:30","date_gmt":"2025-02-14T12:57:30","guid":{"rendered":"https:\/\/www.iron-horse.fr\/?page_id=76"},"modified":"2026-01-25T13:59:07","modified_gmt":"2026-01-25T12:59:07","slug":"prestations","status":"publish","type":"page","link":"https:\/\/www.iron-horse.fr\/en\/prestations\/","title":{"rendered":"Amenities"},"content":{"rendered":"<div class=\"wp-block-columns is-layout-flex wp-container-core-columns-is-layout-28f84493 wp-block-columns-is-layout-flex\">\n<div class=\"wp-block-column is-layout-flow wp-block-column-is-layout-flow\" style=\"flex-basis:100%\">\n<div class=\"wp-block-columns is-layout-flex wp-container-core-columns-is-layout-cf05694f wp-block-columns-is-layout-flex\">\n<div class=\"wp-block-column is-layout-flow wp-block-column-is-layout-flow\" style=\"flex-basis:50%\">\n<p class=\"has-text-align-center\"><strong>ON THE GROUND FLOOR<\/strong><br>\u2022 Sleeping area (8 m\u00b2)<br>with a double bed (140x200)<br>and wardrobe<br>\u2022 Bathroom<br>with a large walk-in shower and double sink<br>\u2022 Separate toilet<br>\u2022 Living\/dining area<br>with TV\/DVD player<br>\u2022 Wood-burner<br>\u2022 Fully equipped kitchen<\/p>\n\n\n\nngg_shortcode_0_placeholder\n<\/div>\n\n\n\n<div class=\"wp-block-column is-layout-flow wp-block-column-is-layout-flow\" style=\"flex-basis:50%\">\n<p class=\"has-text-align-center\"><strong>UPSTAIRS<\/strong><br>35 m\u00b2 dormitory<br>with one double bed (160\u00d7200),<br>two single beds (90x200),<br>and a workspace<br><br><br><br><br><br><br><\/p>\n\n\n\nngg_shortcode_1_placeholder\n<\/div>\n<\/div>\n\n\n\n<hr class=\"wp-block-separator aligncenter has-alpha-channel-opacity\"\/>\n\n\n\n<p class=\"has-text-align-center\">Sheets and towels provided<br>Internet access \u2022 Electric heating and wood-burner<br>Free parking \u2022 1200 m\u00b2 garden with a view<\/p>\n\n\n\n<hr class=\"wp-block-separator aligncenter has-alpha-channel-opacity\"\/>\n\n\n\n<p class=\"has-text-align-center\"><em><strong>Special welcome for bikers<\/strong><\/em><br>\u2022 Tools available for minor repairs and maintenance<br>(air pump, motorcycle lift, battery maintainer\/charger, booster, etc.)<br>\u2022 Motorcycle parking in a locked garage \u2013 up to 4 bikes<\/p>\n\n\n\n<hr class=\"wp-block-separator aligncenter has-alpha-channel-opacity\"\/>\n\n\n\n<p class=\"has-text-align-center\"><em><strong>Special welcome for camper vans<\/strong><\/em><br>\u2022 Access to bathroom and toilet<br>\u2022 Secure parking in the garden<br>\u2022 Water tank refill available<\/p>\n\n\n\n<hr class=\"wp-block-separator aligncenter has-alpha-channel-opacity\"\/>\n\n\n\n<p class=\"has-text-align-center\"><strong>ON REQUEST<\/strong><\/p>\n\n\n\n<p class=\"has-text-align-center\">\u2022 spa nordique 6 places chauff\u00e9 au feu de bois* (d&rsquo;avril \u00e0 octobre)<br>Large gas BBQ* \u2022 Gas pizza oven*<br>\u2022 washing machine \/ dryer* (for 6+ night stays)<br>\u2022 kit b\u00e9b\u00e9 comprenant :<br>crib\/mattress\/protector, baby bathtub, high chair, changing mat<br><br>\u2022 Groceries before your arrival*:<br>If you wish, you can send us a detailed list of fresh and\/or dry products<br>(au minimum 24 heures avant votre venue) une liste pr\u00e9cise de produits frais et\/ou secs que nous nous ferons un plaisir d&rsquo;aller vous acheter <br>and have them ready in the cottage. <br>No need to rush out after a long day <br>to shop for the next morning\u2019s breakfast!<br><strong>You will pay us back based on the receipt + service fee.<\/strong><br><br>\u2022 Board games<br>\u2022 Various kitchen appliances<br>(raclette\/fondue set, PerfectDraft beer tap)<br>\u2022 Iron and ironing board<\/p>\n\n\n\n<p class=\"has-text-align-center\"><br><em>* extra charge applies<\/em><\/p>\n\n\n\n<hr class=\"wp-block-separator aligncenter has-alpha-channel-opacity\"\/>\n\n\n\n<p class=\"has-text-align-center\"><strong>RESTRICTIONS<\/strong><br>No pets<br>Non-smoking rental<\/p>\n\n\n\n<hr class=\"wp-block-separator aligncenter has-alpha-channel-opacity\"\/>\n<\/div>\n<\/div>\n\n\n\n<p class=\"has-text-align-center\"><strong>EQUIPMENT DETAILS<\/strong><\/p>\n\n\n\n<p class=\"has-text-align-center\"><strong><em>A fully equipped kitchen with everything you need<\/em><br><em>to prepare delicious meals using local products:<\/em><\/strong><br>Fridge\/Freezer \u2022 Oven \u2022 Microwave<br>3-burner induction cooktop \u2022 Range hood<br>Kettle \u2022 Soft pod coffee machine<br>Toaster \u2022 Electric citrus juicer<br>\u2022 Pantry staples: salt, pepper, Herbes de Provence, olive oil, balsamic vinegar<br>Tea towels \u2022 Dish soap \u2022 Dishes and cutlery \u2022 Cooking utensils<\/p>\n\n\n\n<p class=\"has-text-align-center\"><em><strong>A cozy lounge to relax with a good movie<\/strong><\/em><br>TV with TNT \u2022 DVD\/Blu-Ray player<br>\u2022 Sofa and chairs<\/p>\n\n\n\n<p class=\"has-text-align-center\"><em><strong>A spacious and bright bathroom to get ready in style<\/strong><\/em><br>Walk-in shower \u2022 Double sink<br>Hairdryer \u2022 Fan heater<br> Towels \/ bath mat<br>Hand soap \u2022 Handwashing detergent<\/p>\n\n\n\n<p class=\"has-text-align-center\"><em><strong>A comfy and cozy sleeping area for a great night's sleep<\/strong><\/em><br>\u2022 1 bed (140x200) with extra-firm mattress + 2 pillows<br>\u2022 Wardrobe<\/p>\n\n\n\n<p class=\"has-text-align-center\"><em><strong>A large dormitory for 4 and a workspace for those who need to work<\/strong><\/em><br>\u2022 1 bed (160x200) with firm mattress + 2 pillows<br>\u2022 2 lits 90\/200 avec matelas mi-ferme + 1 oreiller chacun<br>\u2022 Desk area<\/p>\n\n\n\n<p class=\"has-text-align-center\"><em><strong>Outdoors<\/strong><\/em><br>Garden with a view \u2022 Picnic table for 6<br>Outdoor seating area \u2022 2 sun loungers \u2022 Clothes drying rack<\/p>\n\n\n\n<p class=\"has-text-align-center\"><em><strong>Available for use<\/strong><\/em><br>DVDs\/Blu-Rays \u2022 Books and comic books \u2022 Board games<br>\u2022 Baby kit: travel cot with mattress and alease, high chair, <br>toilet adapter, changing mat, tub<\/p>\n\n\n\n<hr class=\"wp-block-separator has-alpha-channel-opacity\"\/>\n\n\n\n<p class=\"has-text-align-center\"><em><strong>EXTRAS<\/strong><br>\u2022<\/em> <em>Nordic spa \u20ac10 (clean water filling + 1st heating) \/ \u20ac10 per extra heating <\/em><br><em>\u2022 Barbecue \u00e0 gaz <em>5 \u20ac \/ jour<\/em><\/em> <em>\u2022 Gas pizza oven: \u20ac5 \/ day<\/em><br>\u2022 <em>Groceries before your arrival \u20ac5<\/em><\/p>","protected":false},"excerpt":{"rendered":"<p>AU REZ-DE-CHAUSS\u00c9E\u2022 Coin nuit de 8 m\u00b2avec un lit double (140&#215;200)et dressing\u2022 Salle d&rsquo;eau avec grande douche\u00e0 l&rsquo;italienne et double vasque\u2022 WC s\u00e9par\u00e9\u2022 Espace salon\/salle \u00e0 mangeravec t\u00e9l\u00e9vision\/DVD\u2022 Po\u00eale \u00e0 bois\u2022 Cuisine \u00e9quip\u00e9e \u00c0 L&rsquo;\u00c9TAGEDortoir de 35 m\u00b2avec un lit double (160&#215;200),deux lits simples (90&#215;200)et un espace bureau Draps et serviettes fournisAcc\u00e8s Internet \u2022 Chauffage [&hellip;]<\/p>","protected":false},"author":1,"featured_media":0,"parent":0,"menu_order":0,"comment_status":"closed","ping_status":"closed","template":"","meta":{"ngg_post_thumbnail":0,"_themeisle_gutenberg_block_has_review":false,"footnotes":""},"class_list":["post-76","page","type-page","status-publish","hentry"],"_links":{"self":[{"href":"https:\/\/www.iron-horse.fr\/en\/wp-json\/wp\/v2\/pages\/76","targetHints":{"allow":["GET"]}}],"collection":[{"href":"https:\/\/www.iron-horse.fr\/en\/wp-json\/wp\/v2\/pages"}],"about":[{"href":"https:\/\/www.iron-horse.fr\/en\/wp-json\/wp\/v2\/types\/page"}],"author":[{"embeddable":true,"href":"https:\/\/www.iron-horse.fr\/en\/wp-json\/wp\/v2\/users\/1"}],"replies":[{"embeddable":true,"href":"https:\/\/www.iron-horse.fr\/en\/wp-json\/wp\/v2\/comments?post=76"}],"version-history":[{"count":43,"href":"https:\/\/www.iron-horse.fr\/en\/wp-json\/wp\/v2\/pages\/76\/revisions"}],"predecessor-version":[{"id":697,"href":"https:\/\/www.iron-horse.fr\/en\/wp-json\/wp\/v2\/pages\/76\/revisions\/697"}],"wp:attachment":[{"href":"https:\/\/www.iron-horse.fr\/en\/wp-json\/wp\/v2\/media?parent=76"}],"curies":[{"name":"wp","href":"https:\/\/api.w.org\/{rel}","templated":true}]}}