{"id":55,"date":"2025-02-04T13:17:21","date_gmt":"2025-02-04T12:17:21","guid":{"rendered":"https:\/\/www.iron-horse.fr\/?page_id=55"},"modified":"2025-11-19T14:32:24","modified_gmt":"2025-11-19T13:32:24","slug":"tarifs","status":"publish","type":"page","link":"https:\/\/www.iron-horse.fr\/en\/tarifs\/","title":{"rendered":"Prices"},"content":{"rendered":"<p class=\"has-text-align-center\"><strong>Gueshouse<\/strong><\/p>\n\n\n\n<p class=\"has-text-align-center\">Night per person*: \u20ac25<br>(\u20ac15 for kids under 12 y.o. \/ free of charge for kids between 0 and 24 months)<\/p>\n\n\n\n<p class=\"has-text-align-center\">Bed linens and towels included<\/p>\n\n\n\n<p class=\"has-text-align-center\">-10 % sur l&rsquo;ensemble du s\u00e9jour pour les forces de l&rsquo;ordre et les pompiers<br>upon presentation of their professional card<\/p>\n\n\n\n<hr class=\"wp-block-separator aligncenter has-alpha-channel-opacity is-style-default\"\/>\n\n\n\n<p class=\"has-text-align-center\"><strong>Camper van accommodation<br><\/strong><em>Parking in the secured garden locked with a gate<br>limited to 2 vehicles<\/em><\/p>\n\n\n\n<p class=\"has-text-align-center\">Shower and toilet access<br>Water reserve filling<\/p>\n\n\n\n<p class=\"has-text-align-center\">Night per vehicle*: \u20ac20<\/p>\n\n\n\n<hr class=\"wp-block-separator aligncenter has-alpha-channel-opacity is-style-default\"\/>\n\n\n\n<p class=\"has-text-align-center\">A deposit of 20% of the total amount<br> is required upon arrival.<\/p>\n\n\n\n<p class=\"has-text-align-center\">Cash payment.<\/p>\n\n\n\n<p class=\"has-text-align-center\"><em>*Tourist tax per person per night not included<\/em> <\/p>","protected":false},"excerpt":{"rendered":"<p>G\u00eete Nuit par personne* : 30 \u20ac(15 \u20ac pour les moins de 12 ans \/ gratuit de 0 \u00e0 24 mois) Draps et serviettes inclus -10 % sur l&rsquo;ensemble du s\u00e9jour pour les forces de l&rsquo;ordre et les pompierssur pr\u00e9sentation de la carte professionnelle Accueil van am\u00e9nag\u00e9Stationnement dans le jardin s\u00e9curis\u00e9, ferm\u00e9 par un portaildans [&hellip;]<\/p>","protected":false},"author":1,"featured_media":0,"parent":0,"menu_order":0,"comment_status":"closed","ping_status":"closed","template":"","meta":{"ngg_post_thumbnail":0,"_themeisle_gutenberg_block_has_review":false,"footnotes":""},"class_list":["post-55","page","type-page","status-publish","hentry"],"_links":{"self":[{"href":"https:\/\/www.iron-horse.fr\/en\/wp-json\/wp\/v2\/pages\/55","targetHints":{"allow":["GET"]}}],"collection":[{"href":"https:\/\/www.iron-horse.fr\/en\/wp-json\/wp\/v2\/pages"}],"about":[{"href":"https:\/\/www.iron-horse.fr\/en\/wp-json\/wp\/v2\/types\/page"}],"author":[{"embeddable":true,"href":"https:\/\/www.iron-horse.fr\/en\/wp-json\/wp\/v2\/users\/1"}],"replies":[{"embeddable":true,"href":"https:\/\/www.iron-horse.fr\/en\/wp-json\/wp\/v2\/comments?post=55"}],"version-history":[{"count":22,"href":"https:\/\/www.iron-horse.fr\/en\/wp-json\/wp\/v2\/pages\/55\/revisions"}],"predecessor-version":[{"id":679,"href":"https:\/\/www.iron-horse.fr\/en\/wp-json\/wp\/v2\/pages\/55\/revisions\/679"}],"wp:attachment":[{"href":"https:\/\/www.iron-horse.fr\/en\/wp-json\/wp\/v2\/media?parent=55"}],"curies":[{"name":"wp","href":"https:\/\/api.w.org\/{rel}","templated":true}]}}