{"id":49,"date":"2025-02-04T13:18:07","date_gmt":"2025-02-04T12:18:07","guid":{"rendered":"https:\/\/www.iron-horse.fr\/?page_id=49"},"modified":"2025-03-09T12:59:11","modified_gmt":"2025-03-09T11:59:11","slug":"a-voir-et-a-faire","status":"publish","type":"page","link":"https:\/\/www.iron-horse.fr\/en\/a-voir-et-a-faire\/","title":{"rendered":"Activities"},"content":{"rendered":"<p>Activities near the g\u00eete (within a 1-hour drive)<br><br><strong>Outdoor activities<\/strong><\/p>\n\n\n\n<p>Canoeing \/ Kayaking<br>Via ferrata (climbing route)<br>Horseback riding<br>Tree-top adventure courses<br>Hiking and mountain biking<br>Fishing in the Sioule River<br>Rail biking (V\u00e9lorail)<br>Off-road electric scooter tours<br>Lac des Fades (lake)<br>Saint-\u00c9loy-les-Mines leisure base<\/p>\n\n\n\n<p><strong>Tourist attractions<\/strong><\/p>\n\n\n\n<p>Panoramique des D\u00f4mes (scenic train to the Puy de D\u00f4me summit)<br>Ch\u00e2teau-Rocher (castle ruins)<br>Gour de Tazenat (volcanic crater lake)<br>Ch\u00e2teau de Chazeron<br>M\u00e9andre de Queuille (breathtaking river meander)<br>Dhagpo Kundreul Ling Buddhist Center<br>Fades Viaduct<\/p>\n\n\n\n<p><strong>Amusement and theme parks<\/strong><\/p>\n\n\n\n<p>Le Pal (amusement and animal park)<br>Vulcania (volcano-themed park)<br>Pal\u00e9opolis (prehistoric park)<\/p>\n\n\n\n<p><strong>Relaxation &amp; wellness<\/strong><\/p>\n\n\n\n<p>Royatonic thermal baths and spa<br>\u00c9vaux-les-Bains thalassotherapy center<br>Vichy thermal baths<\/p>","protected":false},"excerpt":{"rendered":"<p>Activit\u00e9s autour du g\u00eete (maximum 1 heure de route) Activit\u00e9 de plein air Cano\u00eb\/kayakVia ferrataBalades \u00e0 chevalAccrobrancheRandonn\u00e9e \u00e0 pied et en VTTP\u00eache dans la SiouleV\u00e9lorailRandonn\u00e9e en trottinettes tout-terrainLac des FadesBase de loisirs de Saint-\u00c9loy-les-Mines Activit\u00e9s touristiques Panoramique des D\u00f4mesCh\u00e2teau-RocherGour de TazenatCh\u00e2teau de ChazeronM\u00e9andre de QueuilleCentre bouddhiste Dhagpo Kundreul LingViaduc des Fades Parcs de loisirs Le [&hellip;]<\/p>","protected":false},"author":1,"featured_media":0,"parent":0,"menu_order":0,"comment_status":"closed","ping_status":"closed","template":"","meta":{"ngg_post_thumbnail":0,"_themeisle_gutenberg_block_has_review":false,"footnotes":""},"class_list":["post-49","page","type-page","status-publish","hentry"],"_links":{"self":[{"href":"https:\/\/www.iron-horse.fr\/en\/wp-json\/wp\/v2\/pages\/49","targetHints":{"allow":["GET"]}}],"collection":[{"href":"https:\/\/www.iron-horse.fr\/en\/wp-json\/wp\/v2\/pages"}],"about":[{"href":"https:\/\/www.iron-horse.fr\/en\/wp-json\/wp\/v2\/types\/page"}],"author":[{"embeddable":true,"href":"https:\/\/www.iron-horse.fr\/en\/wp-json\/wp\/v2\/users\/1"}],"replies":[{"embeddable":true,"href":"https:\/\/www.iron-horse.fr\/en\/wp-json\/wp\/v2\/comments?post=49"}],"version-history":[{"count":4,"href":"https:\/\/www.iron-horse.fr\/en\/wp-json\/wp\/v2\/pages\/49\/revisions"}],"predecessor-version":[{"id":127,"href":"https:\/\/www.iron-horse.fr\/en\/wp-json\/wp\/v2\/pages\/49\/revisions\/127"}],"wp:attachment":[{"href":"https:\/\/www.iron-horse.fr\/en\/wp-json\/wp\/v2\/media?parent=49"}],"curies":[{"name":"wp","href":"https:\/\/api.w.org\/{rel}","templated":true}]}}