{"id":449,"date":"2025-06-11T21:12:20","date_gmt":"2025-06-11T19:12:20","guid":{"rendered":"https:\/\/www.iron-horse.fr\/?page_id=449"},"modified":"2025-07-23T18:37:30","modified_gmt":"2025-07-23T16:37:30","slug":"partenaires","status":"publish","type":"page","link":"https:\/\/www.iron-horse.fr\/en\/partenaires\/","title":{"rendered":"Friends"},"content":{"rendered":"<figure class=\"wp-block-image aligncenter size-full\"><a href=\"https:\/\/www.ranch-o-palles.fr\/\" target=\"_blank\" rel=\" noreferrer noopener\"><img loading=\"lazy\" decoding=\"async\" width=\"1024\" height=\"215\" src=\"http:\/\/www.iron-horse.fr\/wp-content\/uploads\/2025\/06\/partenaires_01_ranch_o_palles.png\" alt=\"\" class=\"wp-image-453\" srcset=\"https:\/\/www.iron-horse.fr\/wp-content\/uploads\/2025\/06\/partenaires_01_ranch_o_palles.png 1024w, https:\/\/www.iron-horse.fr\/wp-content\/uploads\/2025\/06\/partenaires_01_ranch_o_palles-300x63.png 300w, https:\/\/www.iron-horse.fr\/wp-content\/uploads\/2025\/06\/partenaires_01_ranch_o_palles-768x161.png 768w, https:\/\/www.iron-horse.fr\/wp-content\/uploads\/2025\/06\/partenaires_01_ranch_o_palles-18x4.png 18w\" sizes=\"auto, (max-width: 1024px) 100vw, 1024px\" \/><\/a><\/figure>\n\n\n\n<p class=\"has-text-align-center\">Osez la Rando Western en Combrailles !!!<\/p>\n\n\n\n<p>Situ\u00e9 entre les Gorges de la Sioule et les volcans d\u2019Auvergne\u00bb, \u00e0 la porte des Combrailles, Alain vous accueille&nbsp; et vous invite \u00e0 venir d\u00e9couvrir la beaut\u00e9 sauvage et pr\u00e9serv\u00e9e de son territoire.<\/p>\n\n\n\n<p>Whether you're a beginner or an experienced rider, enjoy horseback rides ranging from one hour to a full day. You'll explore trails and woodland paths through the heart of the Morge Valley, with its old mills, and visit the iconic Gour de Tazenat \u2014 the northernmost crater lake in the UNESCO-listed Cha\u00eene des Puys.<\/p>\n\n\n\n<p>The calm, sure-footed, and colorful horses of RANCH\u2019 O\u2019 PALLES will also guide you on star-shaped treks lasting from 2 to 10 days.<\/p>\n\n\n\n<p>RANCH\u2019 O\u2019 PALLES also offers the opportunity to create with you a customized itinerary for roaming horseback adventures of 2 to 8 days, based on a variety of themes.<\/p>\n\n\n\n<figure class=\"wp-block-image size-large\"><img loading=\"lazy\" decoding=\"async\" width=\"1024\" height=\"768\" src=\"http:\/\/www.iron-horse.fr\/wp-content\/uploads\/2025\/06\/ranchopalles-1024x768.jpg\" alt=\"\" class=\"wp-image-457\" srcset=\"https:\/\/www.iron-horse.fr\/wp-content\/uploads\/2025\/06\/ranchopalles-1024x768.jpg 1024w, https:\/\/www.iron-horse.fr\/wp-content\/uploads\/2025\/06\/ranchopalles-300x225.jpg 300w, https:\/\/www.iron-horse.fr\/wp-content\/uploads\/2025\/06\/ranchopalles-768x576.jpg 768w, https:\/\/www.iron-horse.fr\/wp-content\/uploads\/2025\/06\/ranchopalles-1536x1152.jpg 1536w, https:\/\/www.iron-horse.fr\/wp-content\/uploads\/2025\/06\/ranchopalles-16x12.jpg 16w, https:\/\/www.iron-horse.fr\/wp-content\/uploads\/2025\/06\/ranchopalles.jpg 1600w\" sizes=\"auto, (max-width: 1024px) 100vw, 1024px\" \/><\/figure>\n\n\n\n<hr class=\"wp-block-separator has-alpha-channel-opacity\"\/>\n\n\n\n<p class=\"has-text-align-center\"><a href=\"https:\/\/www.combrailles-auvergne-tourisme.fr\/\" target=\"_blank\" rel=\"noreferrer noopener\">Office de tourisme des Combrailles en Auvergne<\/a><\/p>\n\n\n\n<figure class=\"wp-block-image aligncenter size-full\"><img loading=\"lazy\" decoding=\"async\" width=\"500\" height=\"500\" src=\"https:\/\/www.iron-horse.fr\/wp-content\/uploads\/2025\/07\/Logo-Combrailles-Auvergne-2023-SB.png\" alt=\"\" class=\"wp-image-646\" srcset=\"https:\/\/www.iron-horse.fr\/wp-content\/uploads\/2025\/07\/Logo-Combrailles-Auvergne-2023-SB.png 500w, https:\/\/www.iron-horse.fr\/wp-content\/uploads\/2025\/07\/Logo-Combrailles-Auvergne-2023-SB-300x300.png 300w, https:\/\/www.iron-horse.fr\/wp-content\/uploads\/2025\/07\/Logo-Combrailles-Auvergne-2023-SB-150x150.png 150w, https:\/\/www.iron-horse.fr\/wp-content\/uploads\/2025\/07\/Logo-Combrailles-Auvergne-2023-SB-12x12.png 12w\" sizes=\"auto, (max-width: 500px) 100vw, 500px\" \/><\/figure>","protected":false},"excerpt":{"rendered":"<p>Osez la Rando Western en Combrailles !!! Situ\u00e9 entre les Gorges de la Sioule et les volcans d\u2019Auvergne\u00bb, \u00e0 la porte des Combrailles, Alain vous accueille&nbsp; et vous invite \u00e0 venir d\u00e9couvrir la beaut\u00e9 sauvage et pr\u00e9serv\u00e9e de son territoire. Lors de balades de 1h \u00e0 la journ\u00e9e, quel que soit votre niveau, d\u00e9butant ou [&hellip;]<\/p>","protected":false},"author":1,"featured_media":0,"parent":0,"menu_order":0,"comment_status":"closed","ping_status":"closed","template":"","meta":{"ngg_post_thumbnail":0,"_themeisle_gutenberg_block_has_review":false,"footnotes":""},"class_list":["post-449","page","type-page","status-publish","hentry"],"_links":{"self":[{"href":"https:\/\/www.iron-horse.fr\/en\/wp-json\/wp\/v2\/pages\/449","targetHints":{"allow":["GET"]}}],"collection":[{"href":"https:\/\/www.iron-horse.fr\/en\/wp-json\/wp\/v2\/pages"}],"about":[{"href":"https:\/\/www.iron-horse.fr\/en\/wp-json\/wp\/v2\/types\/page"}],"author":[{"embeddable":true,"href":"https:\/\/www.iron-horse.fr\/en\/wp-json\/wp\/v2\/users\/1"}],"replies":[{"embeddable":true,"href":"https:\/\/www.iron-horse.fr\/en\/wp-json\/wp\/v2\/comments?post=449"}],"version-history":[{"count":9,"href":"https:\/\/www.iron-horse.fr\/en\/wp-json\/wp\/v2\/pages\/449\/revisions"}],"predecessor-version":[{"id":647,"href":"https:\/\/www.iron-horse.fr\/en\/wp-json\/wp\/v2\/pages\/449\/revisions\/647"}],"wp:attachment":[{"href":"https:\/\/www.iron-horse.fr\/en\/wp-json\/wp\/v2\/media?parent=449"}],"curies":[{"name":"wp","href":"https:\/\/api.w.org\/{rel}","templated":true}]}}